{"id":77458,"date":"2024-12-19T16:22:01","date_gmt":"2024-12-19T15:22:01","guid":{"rendered":"https:\/\/davison-media.digital\/nuestras-competencias\/analisis-y-concepcion\/"},"modified":"2025-06-23T13:58:00","modified_gmt":"2025-06-23T11:58:00","slug":"analisis-y-concepcion","status":"publish","type":"page","link":"https:\/\/davison-media.digital\/es\/nuestras-competencias\/analisis-y-concepcion\/","title":{"rendered":"An\u00e1lisis y concepci\u00f3n"},"content":{"rendered":"\t\t<div data-elementor-type=\"wp-page\" data-elementor-id=\"77458\" class=\"elementor elementor-77458 elementor-76246\">\n\t\t\t\t\t\t<section data-parallax-section-settings=\"{&quot;parallax_ratio&quot;:0.1000000000000000055511151231257827021181583404541015625,&quot;parallax&quot;:&quot;parallax&quot;}\" class=\"elementor-section elementor-top-section elementor-element elementor-element-bd0111a elementor-section-boxed elementor-section-height-default elementor-section-height-default elementor-invisible\" data-id=\"bd0111a\" data-element_type=\"section\" id=\"services\" data-settings=\"{&quot;background_background&quot;:&quot;classic&quot;,&quot;animation&quot;:&quot;fadeIn&quot;}\">\n\t\t\t\t\t\t<div class=\"elementor-container elementor-column-gap-default\">\n\t\t\t\t\t<div class=\" elementor-column elementor-col-33 elementor-top-column elementor-element elementor-element-0fa76e4\" data-fullscreen-column-settings=\"{&quot;fullscreen&quot;:&quot;&quot;}\" data-id=\"0fa76e4\" data-element_type=\"column\">\n\t\t\t<div class=\"elementor-widget-wrap elementor-element-populated\">\n\t\t\t\t\t\t<div class=\"elementor-element elementor-element-ac50d06 elementor-widget elementor-widget-litho-heading\" data-id=\"ac50d06\" data-element_type=\"widget\" data-widget_type=\"litho-heading.default\">\n\t\t\t\t<div class=\"elementor-widget-container\">\n\t\t\t\t\t<span class=\"litho-heading elementor-size-default\"><span class=\"litho-primary-title\">PIENSA EN EL FUTURO Y REFLEXIONA<\/span><\/span>\t\t\t\t<\/div>\n\t\t\t\t<\/div>\n\t\t\t\t<div class=\"elementor-element elementor-element-03b25b5 elementor-hidden-desktop elementor-hidden-tablet elementor-widget elementor-widget-litho-heading\" data-id=\"03b25b5\" data-element_type=\"widget\" data-widget_type=\"litho-heading.default\">\n\t\t\t\t<div class=\"elementor-widget-container\">\n\t\t\t\t\t<h5 class=\"litho-heading elementor-size-default\"><span class=\"litho-primary-title\">La chispa inicial del proyecto<\/span><\/h5>\t\t\t\t<\/div>\n\t\t\t\t<\/div>\n\t\t\t\t<div class=\"elementor-element elementor-element-43d2355 elementor-hidden-mobile elementor-widget elementor-widget-litho-heading\" data-id=\"43d2355\" data-element_type=\"widget\" data-widget_type=\"litho-heading.default\">\n\t\t\t\t<div class=\"elementor-widget-container\">\n\t\t\t\t\t<h5 class=\"litho-heading elementor-size-default\"><span class=\"litho-primary-title\">La chispa inicial del proyecto<\/span><\/h5>\t\t\t\t<\/div>\n\t\t\t\t<\/div>\n\t\t\t\t<div class=\"elementor-element elementor-element-5d91d95 elementor-widget__width-initial elementor-widget-mobile__width-initial elementor-widget-tablet__width-inherit elementor-widget elementor-widget-text-editor\" data-id=\"5d91d95\" data-element_type=\"widget\" data-widget_type=\"text-editor.default\">\n\t\t\t\t<div class=\"elementor-widget-container\">\n\t\t\t\t\t\t\t\t\t<div class=\"w-full\"><div class=\"[Block.Text (fullWidth|)] text-container w-full text-[18px]\"><div class=\"w-full\"><p>Aunque nuestro objetivo inicial es un producto eficaz y funcional, con las caracter\u00edsticas necesarias de acuerdo con el concepto de MVP, tambi\u00e9n pensamos en la mejor versi\u00f3n posible de tu presencia digital. Con imaginaci\u00f3n y pensamiento creativo, se crea un resultado preparado para el futuro que funciona, representa tu marca de forma integral e inspira a tus clientes.<\/p><p>Aclarar las expectativas y los requisitos en una fase temprana ayuda a evitar futuros malentendidos y problemas, y crea una base s\u00f3lida para los siguientes pasos.<\/p><\/div><\/div><\/div><div><div> <\/div><\/div>\t\t\t\t\t\t\t\t<\/div>\n\t\t\t\t<\/div>\n\t\t\t\t\t<\/div>\n\t\t<\/div>\n\t\t\t\t<div class=\" elementor-column elementor-col-33 elementor-top-column elementor-element elementor-element-eb71f8e elementor-hidden-tablet elementor-hidden-phone\" data-fullscreen-column-settings=\"{&quot;fullscreen&quot;:&quot;&quot;}\" data-id=\"eb71f8e\" data-element_type=\"column\">\n\t\t\t<div class=\"elementor-widget-wrap\">\n\t\t\t\t\t\t\t<\/div>\n\t\t<\/div>\n\t\t\t\t<div class=\" elementor-column elementor-col-33 elementor-top-column elementor-element elementor-element-fa4f452\" data-fullscreen-column-settings=\"{&quot;fullscreen&quot;:&quot;&quot;}\" data-id=\"fa4f452\" data-element_type=\"column\">\n\t\t\t<div class=\"elementor-widget-wrap elementor-element-populated\">\n\t\t\t\t\t\t<section class=\"elementor-section elementor-inner-section elementor-element elementor-element-f7fa80b elementor-section-boxed elementor-section-height-default elementor-section-height-default\" data-id=\"f7fa80b\" data-element_type=\"section\" data-settings=\"{&quot;background_background&quot;:&quot;classic&quot;}\">\n\t\t\t\t\t\t<div class=\"elementor-container elementor-column-gap-default\">\n\t\t\t\t\t<div class=\" elementor-column elementor-col-100 elementor-inner-column elementor-element elementor-element-4e16ecc\" data-fullscreen-column-settings=\"{&quot;fullscreen&quot;:&quot;&quot;}\" data-id=\"4e16ecc\" data-element_type=\"column\" data-settings=\"{&quot;background_background&quot;:&quot;classic&quot;}\">\n\t\t\t<div class=\"elementor-widget-wrap elementor-element-populated\">\n\t\t\t\t\t\t<div class=\"elementor-element elementor-element-121a6f6 elementor-widget elementor-widget-litho-heading\" data-id=\"121a6f6\" data-element_type=\"widget\" data-widget_type=\"litho-heading.default\">\n\t\t\t\t<div class=\"elementor-widget-container\">\n\t\t\t\t\t<h6 class=\"litho-heading elementor-size-default\"><span class=\"litho-primary-title\">An\u00e1lisis y concepci\u00f3n\nfases<\/span><\/h6>\t\t\t\t<\/div>\n\t\t\t\t<\/div>\n\t\t\t\t<div class=\"elementor-element elementor-element-5707008 elementor-icon-list--layout-traditional elementor-widget elementor-widget-litho-lists\" data-id=\"5707008\" data-element_type=\"widget\" data-widget_type=\"litho-lists.default\">\n\t\t\t\t<div class=\"elementor-widget-container\">\n\t\t\t\t\t\t\t\t<ul class=\"elementor-icon-list-items\">\n\t\t\t\t\t\t\t\t\t<li class=\"elementor-icon-list-item list-item\">\n\t\t\t\t\t\t\t\t\t\t\t\t<span class=\"elementor-icon-list-text\">An\u00e1lisis de la competencia<\/span>\n\t\t\t\t\t\t\t\t\t\t\t<\/li>\n\t\t\t\t\t\t\t\t\t\t<li class=\"elementor-icon-list-item list-item\">\n\t\t\t\t\t\t\t\t\t\t\t\t<span class=\"elementor-icon-list-text\">An\u00e1lisis t\u00e9cnico<\/span>\n\t\t\t\t\t\t\t\t\t\t\t<\/li>\n\t\t\t\t\t\t\t\t\t\t<li class=\"elementor-icon-list-item list-item\">\n\t\t\t\t\t\t\t\t\t\t\t\t<span class=\"elementor-icon-list-text\">Desarrollo del concepto<\/span>\n\t\t\t\t\t\t\t\t\t\t\t<\/li>\n\t\t\t\t\t\t\t\t\t\t<li class=\"elementor-icon-list-item list-item\">\n\t\t\t\t\t\t\t\t\t\t\t\t<span class=\"elementor-icon-list-text\">Planificaci\u00f3n de recursos<\/span>\n\t\t\t\t\t\t\t\t\t\t\t<\/li>\n\t\t\t\t\t\t\t\t\t\t<li class=\"elementor-icon-list-item list-item\">\n\t\t\t\t\t\t\t\t\t\t\t\t<span class=\"elementor-icon-list-text\">Consideraciones jur\u00eddicas<\/span>\n\t\t\t\t\t\t\t\t\t\t\t<\/li>\n\t\t\t\t\t\t\t\t<\/ul>\n\t\t\t\t\t\t\t<\/div>\n\t\t\t\t<\/div>\n\t\t\t\t\t<\/div>\n\t\t<\/div>\n\t\t\t\t\t<\/div>\n\t\t<\/section>\n\t\t\t\t\t<\/div>\n\t\t<\/div>\n\t\t\t\t\t<\/div>\n\t\t<\/section>\n\t\t\t\t<section class=\"elementor-section elementor-top-section elementor-element elementor-element-a0988a2 elementor-section-boxed elementor-section-height-default elementor-section-height-default elementor-invisible\" data-id=\"a0988a2\" data-element_type=\"section\" data-settings=\"{&quot;background_background&quot;:&quot;classic&quot;,&quot;animation&quot;:&quot;fadeIn&quot;}\">\n\t\t\t\t\t\t<div class=\"elementor-container elementor-column-gap-default\">\n\t\t\t\t\t<div class=\" elementor-column elementor-col-100 elementor-top-column elementor-element elementor-element-ccd56b2\" data-fullscreen-column-settings=\"{&quot;fullscreen&quot;:&quot;&quot;}\" data-id=\"ccd56b2\" data-element_type=\"column\">\n\t\t\t<div class=\"elementor-widget-wrap elementor-element-populated\">\n\t\t\t\t\t\t<div class=\"elementor-section elementor-inner-section elementor-element elementor-element-d150de9 elementor-section-boxed elementor-section-height-default elementor-section-height-default\" data-id=\"d150de9\" data-element_type=\"section\">\n\t\t\t\t\t\t<div class=\"elementor-container elementor-column-gap-default\">\n\t\t\t\t\t<div class=\" elementor-column elementor-col-33 elementor-inner-column elementor-element elementor-element-faa08a9 elementor-invisible\" data-fullscreen-column-settings=\"{&quot;fullscreen&quot;:&quot;&quot;}\" data-id=\"faa08a9\" data-element_type=\"column\" data-settings=\"{&quot;animation&quot;:&quot;fadeIn&quot;,&quot;animation_delay&quot;:200}\">\n\t\t\t<div class=\"elementor-widget-wrap elementor-element-populated\">\n\t\t\t\t\t\t<div class=\"elementor-element elementor-element-bbb8c68 elementor-view-default elementor-position-top elementor-mobile-position-top elementor-widget elementor-widget-litho-icon-box\" data-id=\"bbb8c68\" data-element_type=\"widget\" data-widget_type=\"litho-icon-box.default\">\n\t\t\t\t<div class=\"elementor-widget-container\">\n\t\t\t\t\t\t\t\t<div class=\"litho-image-box-wrapper\">\n\t\t\t\t\t\t\t\t<div class=\"litho-image-box-img\"><img decoding=\"async\" src=\"https:\/\/davison-media.digital\/wp-content\/uploads\/elementor\/thumbs\/Bedarfsanalyse-qzqwctt3zxhkrz3q4w27qa63it2o162alba2vbvld4.png\" alt=\"\" \/><\/div>\n\t\t\t\t\t\t\t\t<div class=\"elementor-icon-box-content\">\n\t\t\t\t\t\t\t\t\t\t\t<span class=\"elementor-icon-box-title\"><span >An\u00e1lisis de necesidades<\/span>\n\t\t\t\t\t\t<\/span>\n\t\t\t\t\t\t\t\t\t\t<p class=\"elementor-icon-box-description\">Las entrevistas, cuestionarios y talleres nos ayudan a recopilar y analizar los requisitos espec\u00edficos de los usuarios finales<\/p>\n\t\t\t\t\t\t\t\t\t\t\t\t\t\t<\/div>\n\t\t\t<\/div>\n\t\t\t\t\t\t<\/div>\n\t\t\t\t<\/div>\n\t\t\t\t\t<\/div>\n\t\t<\/div>\n\t\t\t\t<div class=\" elementor-column elementor-col-33 elementor-inner-column elementor-element elementor-element-07f78b5 elementor-invisible\" data-fullscreen-column-settings=\"{&quot;fullscreen&quot;:&quot;&quot;}\" data-id=\"07f78b5\" data-element_type=\"column\" data-settings=\"{&quot;animation&quot;:&quot;fadeIn&quot;}\">\n\t\t\t<div class=\"elementor-widget-wrap elementor-element-populated\">\n\t\t\t\t\t\t<div class=\"elementor-element elementor-element-6a4300e elementor-view-default elementor-position-top elementor-mobile-position-top elementor-widget elementor-widget-litho-icon-box\" data-id=\"6a4300e\" data-element_type=\"widget\" data-widget_type=\"litho-icon-box.default\">\n\t\t\t\t<div class=\"elementor-widget-container\">\n\t\t\t\t\t\t\t\t<div class=\"litho-image-box-wrapper\">\n\t\t\t\t\t\t\t\t<div class=\"litho-image-box-img\"><img decoding=\"async\" src=\"https:\/\/davison-media.digital\/wp-content\/uploads\/elementor\/thumbs\/Wettbewerbsanalyse-qzqwctt3zxhkrz3q4w27qa63it2o162alba2vbvld4.png\" alt=\"\" \/><\/div>\n\t\t\t\t\t\t\t\t<div class=\"elementor-icon-box-content\">\n\t\t\t\t\t\t\t\t\t\t\t<span class=\"elementor-icon-box-title\"><span >An\u00e1lisis de la competencia<\/span>\n\t\t\t\t\t\t<\/span>\n\t\t\t\t\t\t\t\t\t\t<p class=\"elementor-icon-box-description\">Un an\u00e1lisis minucioso del entorno del mercado y de los productos de la competencia revela tendencias y tecnolog\u00edas importantes que prevalecen en el sector.  <\/p>\n\t\t\t\t\t\t\t\t\t\t\t\t\t\t<\/div>\n\t\t\t<\/div>\n\t\t\t\t\t\t<\/div>\n\t\t\t\t<\/div>\n\t\t\t\t\t<\/div>\n\t\t<\/div>\n\t\t\t\t<div class=\" elementor-column elementor-col-33 elementor-inner-column elementor-element elementor-element-c513d1b elementor-invisible\" data-fullscreen-column-settings=\"{&quot;fullscreen&quot;:&quot;&quot;}\" data-id=\"c513d1b\" data-element_type=\"column\" data-settings=\"{&quot;animation&quot;:&quot;fadeIn&quot;,&quot;animation_delay&quot;:400}\">\n\t\t\t<div class=\"elementor-widget-wrap elementor-element-populated\">\n\t\t\t\t\t\t<div class=\"elementor-element elementor-element-bc724c6 elementor-view-default elementor-position-top elementor-mobile-position-top elementor-widget elementor-widget-litho-icon-box\" data-id=\"bc724c6\" data-element_type=\"widget\" data-widget_type=\"litho-icon-box.default\">\n\t\t\t\t<div class=\"elementor-widget-container\">\n\t\t\t\t\t\t\t\t<div class=\"litho-image-box-wrapper\">\n\t\t\t\t\t\t\t\t<div class=\"litho-image-box-img\"><img decoding=\"async\" src=\"https:\/\/davison-media.digital\/wp-content\/uploads\/elementor\/thumbs\/Konzeptentwicklung-qzqwcuqy6riv3l2czeguarxk46y18v60xfxkclu76w.png\" alt=\"\" \/><\/div>\n\t\t\t\t\t\t\t\t<div class=\"elementor-icon-box-content\">\n\t\t\t\t\t\t\t\t\t\t\t<span class=\"elementor-icon-box-title\"><span >Desarrollo del concepto<\/span>\n\t\t\t\t\t\t<\/span>\n\t\t\t\t\t\t\t\t\t\t<p class=\"elementor-icon-box-description\">n el desarrollo del concepto, la informaci\u00f3n recopilada previamente se utiliza para crear wireframes y prototipos iniciales.<\/p>\n\t\t\t\t\t\t\t\t\t\t\t\t\t\t<\/div>\n\t\t\t<\/div>\n\t\t\t\t\t\t<\/div>\n\t\t\t\t<\/div>\n\t\t\t\t\t<\/div>\n\t\t<\/div>\n\t\t\t\t\t<\/div>\n\t\t<\/div>\n\t\t\t\t<div class=\"elementor-section elementor-inner-section elementor-element elementor-element-fe2816d elementor-section-boxed elementor-section-height-default elementor-section-height-default\" data-id=\"fe2816d\" data-element_type=\"section\">\n\t\t\t\t\t\t<div class=\"elementor-container elementor-column-gap-default\">\n\t\t\t\t\t<div class=\" elementor-column elementor-col-33 elementor-inner-column elementor-element elementor-element-22e6509 elementor-invisible\" data-fullscreen-column-settings=\"{&quot;fullscreen&quot;:&quot;&quot;}\" data-id=\"22e6509\" data-element_type=\"column\" data-settings=\"{&quot;animation&quot;:&quot;fadeIn&quot;}\">\n\t\t\t<div class=\"elementor-widget-wrap elementor-element-populated\">\n\t\t\t\t\t\t<div class=\"elementor-element elementor-element-7ffa764 elementor-view-default elementor-position-top elementor-mobile-position-top elementor-widget elementor-widget-litho-icon-box\" data-id=\"7ffa764\" data-element_type=\"widget\" data-widget_type=\"litho-icon-box.default\">\n\t\t\t\t<div class=\"elementor-widget-container\">\n\t\t\t\t\t\t\t\t<div class=\"litho-image-box-wrapper\">\n\t\t\t\t\t\t\t\t<div class=\"litho-image-box-img\"><img decoding=\"async\" src=\"https:\/\/davison-media.digital\/wp-content\/uploads\/elementor\/thumbs\/Ressourcenplanung-qzqwctt3zxhkrz3q4w27qa63it2o162alba2vbvld4.png\" alt=\"\" \/><\/div>\n\t\t\t\t\t\t\t\t<div class=\"elementor-icon-box-content\">\n\t\t\t\t\t\t\t\t\t\t\t<span class=\"elementor-icon-box-title\"><span >Planificaci\u00f3n de recursos<\/span>\n\t\t\t\t\t\t<\/span>\n\t\t\t\t\t\t\t\t\t\t<p class=\"elementor-icon-box-description\">El tiempo, el presupuesto y el personal son nuestros par\u00e1metros. Se elabora un calendario detallado que incluye todas las fases e hitos del proyecto.  <\/p>\n\t\t\t\t\t\t\t\t\t\t\t\t\t\t<\/div>\n\t\t\t<\/div>\n\t\t\t\t\t\t<\/div>\n\t\t\t\t<\/div>\n\t\t\t\t\t<\/div>\n\t\t<\/div>\n\t\t\t\t<div class=\" elementor-column elementor-col-33 elementor-inner-column elementor-element elementor-element-b688061 elementor-invisible\" data-fullscreen-column-settings=\"{&quot;fullscreen&quot;:&quot;&quot;}\" data-id=\"b688061\" data-element_type=\"column\" data-settings=\"{&quot;animation&quot;:&quot;fadeIn&quot;,&quot;animation_delay&quot;:400}\">\n\t\t\t<div class=\"elementor-widget-wrap elementor-element-populated\">\n\t\t\t\t\t\t<div class=\"elementor-element elementor-element-f47970a elementor-view-default elementor-position-top elementor-mobile-position-top elementor-widget elementor-widget-litho-icon-box\" data-id=\"f47970a\" data-element_type=\"widget\" data-widget_type=\"litho-icon-box.default\">\n\t\t\t\t<div class=\"elementor-widget-container\">\n\t\t\t\t\t\t\t\t<div class=\"litho-image-box-wrapper\">\n\t\t\t\t\t\t\t\t<div class=\"litho-image-box-img\"><img decoding=\"async\" src=\"https:\/\/davison-media.digital\/wp-content\/uploads\/elementor\/thumbs\/Rechtliches-qzqwcsv9t3gagd53adnl5semxf7atgyk96mle1wzjc.png\" alt=\"\" \/><\/div>\n\t\t\t\t\t\t\t\t<div class=\"elementor-icon-box-content\">\n\t\t\t\t\t\t\t\t\t\t\t<span class=\"elementor-icon-box-title\"><span >Consideraciones jur\u00eddicas  <\/span>\n\t\t\t\t\t\t<\/span>\n\t\t\t\t\t\t\t\t\t\t<p class=\"elementor-icon-box-description\">Los aspectos legales, en particular la normativa sobre protecci\u00f3n de datos y otros requisitos legales, deben tenerse en cuenta en la fase de dise\u00f1o.<\/p>\n\t\t\t\t\t\t\t\t\t\t\t\t\t\t<\/div>\n\t\t\t<\/div>\n\t\t\t\t\t\t<\/div>\n\t\t\t\t<\/div>\n\t\t\t\t\t<\/div>\n\t\t<\/div>\n\t\t\t\t<div class=\" elementor-column elementor-col-33 elementor-inner-column elementor-element elementor-element-0c1c9cd elementor-invisible\" data-fullscreen-column-settings=\"{&quot;fullscreen&quot;:&quot;&quot;}\" data-id=\"0c1c9cd\" data-element_type=\"column\" data-settings=\"{&quot;animation&quot;:&quot;fadeIn&quot;,&quot;animation_delay&quot;:200}\">\n\t\t\t<div class=\"elementor-widget-wrap\">\n\t\t\t\t\t\t\t<\/div>\n\t\t<\/div>\n\t\t\t\t\t<\/div>\n\t\t<\/div>\n\t\t\t\t\t<\/div>\n\t\t<\/div>\n\t\t\t\t\t<\/div>\n\t\t<\/section>\n\t\t\t\t<section class=\"elementor-section elementor-top-section elementor-element elementor-element-6aa8b21 elementor-section-boxed elementor-section-height-default elementor-section-height-default\" data-id=\"6aa8b21\" data-element_type=\"section\">\n\t\t\t\t\t\t<div class=\"elementor-container elementor-column-gap-default\">\n\t\t\t\t\t<div class=\" elementor-column elementor-col-100 elementor-top-column elementor-element elementor-element-e15ce37\" data-fullscreen-column-settings=\"{&quot;fullscreen&quot;:&quot;&quot;}\" data-id=\"e15ce37\" data-element_type=\"column\">\n\t\t\t<div class=\"elementor-widget-wrap\">\n\t\t\t\t\t\t\t<\/div>\n\t\t<\/div>\n\t\t\t\t\t<\/div>\n\t\t<\/section>\n\t\t\t\t<\/div>\n\t\t","protected":false},"excerpt":{"rendered":"<p>PIENSA EN EL FUTURO Y REFLEXIONA La chispa inicial del proyecto La chispa inicial del proyecto Aunque nuestro objetivo inicial es un producto eficaz y funcional, con las caracter\u00edsticas necesarias de acuerdo con el concepto de MVP, tambi\u00e9n pensamos en la mejor versi\u00f3n posible de tu presencia digital. Con imaginaci\u00f3n y pensamiento creativo, se crea [&hellip;]<\/p>\n","protected":false},"author":1,"featured_media":0,"parent":77455,"menu_order":172,"comment_status":"closed","ping_status":"closed","template":"","meta":{"footnotes":""},"class_list":["post-77458","page","type-page","status-publish","hentry"],"_links":{"self":[{"href":"https:\/\/davison-media.digital\/es\/wp-json\/wp\/v2\/pages\/77458","targetHints":{"allow":["GET"]}}],"collection":[{"href":"https:\/\/davison-media.digital\/es\/wp-json\/wp\/v2\/pages"}],"about":[{"href":"https:\/\/davison-media.digital\/es\/wp-json\/wp\/v2\/types\/page"}],"author":[{"embeddable":true,"href":"https:\/\/davison-media.digital\/es\/wp-json\/wp\/v2\/users\/1"}],"replies":[{"embeddable":true,"href":"https:\/\/davison-media.digital\/es\/wp-json\/wp\/v2\/comments?post=77458"}],"version-history":[{"count":1,"href":"https:\/\/davison-media.digital\/es\/wp-json\/wp\/v2\/pages\/77458\/revisions"}],"predecessor-version":[{"id":77460,"href":"https:\/\/davison-media.digital\/es\/wp-json\/wp\/v2\/pages\/77458\/revisions\/77460"}],"up":[{"embeddable":true,"href":"https:\/\/davison-media.digital\/es\/wp-json\/wp\/v2\/pages\/77455"}],"wp:attachment":[{"href":"https:\/\/davison-media.digital\/es\/wp-json\/wp\/v2\/media?parent=77458"}],"curies":[{"name":"wp","href":"https:\/\/api.w.org\/{rel}","templated":true}]}}